{"id":24,"date":"2024-11-29T04:43:13","date_gmt":"2024-11-29T04:43:13","guid":{"rendered":"https:\/\/demos.cnsoftware.dev\/?page_id=24"},"modified":"2024-11-29T05:39:43","modified_gmt":"2024-11-29T05:39:43","slug":"alta-ciudad","status":"publish","type":"page","link":"https:\/\/demos.cnsoftware.dev\/?page_id=24","title":{"rendered":"Alta Ciudad"},"content":{"rendered":"\n<form id=\"form-ciudad\" action=\"\/TA5000\/guardar_ciudad.php\" method=\"POST\">\n    <div class=\"rendered-form\">\n        <div class=\"formbuilder-select form-group field-select-1732855066042\">\n            <label for=\"select-1732855066042\" class=\"formbuilder-select-label\">Estado<span class=\"formbuilder-required\">*<\/span><\/label>\n            <select class=\"form-control\" name=\"estado\" id=\"select-1732855066042\" required=\"required\" aria-required=\"true\">\n                <option disabled=\"null\" selected=\"null\">Selecciona un estado<\/option>\n                <option value=\"Aguascalientes\">Aguascalientes<\/option>\n                <option value=\"Baja California\">Baja California<\/option>\n                <option value=\"Baja California Sur\">Baja California Sur<\/option>\n                <option value=\"Campeche\">Campeche<\/option>\n                <option value=\"Ciudad de M\u00e9xico\">Ciudad de M\u00e9xico<\/option>\n                <option value=\"Chiapas\">Chiapas<\/option>\n                <option value=\"Chihuahua\">Chihuahua<\/option>\n                <option value=\"Coahuila\">Coahuila<\/option>\n                <option value=\"Colima\">Colima<\/option>\n                <option value=\"Durango\">Durango<\/option>\n                <option value=\"Guanajuato\">Guanajuato<\/option>\n                <option value=\"Guerrero\">Guerrero<\/option>\n                <option value=\"Hidalgo\">Hidalgo<\/option>\n                <option value=\"Jalisco\">Jalisco<\/option>\n                <option value=\"M\u00e9xico\">M\u00e9xico<\/option>\n                <option value=\"Michoac\u00e1n\">Michoac\u00e1n<\/option>\n                <option value=\"Morelos\">Morelos<\/option>\n                <option value=\"Nayarit\">Nayarit<\/option>\n                <option value=\"Nuevo Le\u00f3n\">Nuevo Le\u00f3n<\/option>\n                <option value=\"Oaxaca\">Oaxaca<\/option>\n                <option value=\"Puebla\">Puebla<\/option>\n                <option value=\"Quer\u00e9taro\">Quer\u00e9taro<\/option>\n                <option value=\"Quintana Roo\">Quintana Roo<\/option>\n                <option value=\"San Luis Potos\u00ed\">San Luis Potos\u00ed<\/option>\n                <option value=\"Sinaloa\">Sinaloa<\/option>\n                <option value=\"Sonora\">Sonora<\/option>\n                <option value=\"Tabasco\">Tabasco<\/option>\n                <option value=\"Tamaulipas\">Tamaulipas<\/option>\n                <option value=\"Tlaxcala\">Tlaxcala<\/option>\n                <option value=\"Veracruz\">Veracruz<\/option>\n                <option value=\"Yucat\u00e1n\">Yucat\u00e1n<\/option>\n                <option value=\"Zacatecas\">Zacatecas<\/option>\n            <\/select>\n        <\/div>\n        <div class=\"formbuilder-text form-group field-text-1732854397927\">\n            <label for=\"text-1732854397927\" class=\"formbuilder-text-label\">Ciudad\n                <span class=\"formbuilder-required\">*<\/span><br>\n            <\/label>\n            <input type=\"text\" placeholder=\"Pachuca\" class=\"form-control\" name=\"ciudad\" id=\"text-1732854397927\" required=\"required\" aria-required=\"true\">\n        <\/div>\n        <div class=\"formbuilder-button form-group field-button-1732854985955\">\n            <button type=\"submit\" class=\"btn-default btn\" name=\"guardar\" id=\"button-1732854985955\">Guardar<\/button>\n        <\/div>\n    <\/div>\n<\/form>\n\n\n\n\n<p><\/p>\n","protected":false},"excerpt":{"rendered":"<p>Estado* Selecciona un estadoAguascalientesBaja CaliforniaBaja California SurCampecheCiudad de M\u00e9xicoChiapasChihuahuaCoahuilaColimaDurangoGuanajuatoGuerreroHidalgoJaliscoM\u00e9xicoMichoac\u00e1nMorelosNayaritNuevo Le\u00f3nOaxacaPueblaQuer\u00e9taroQuintana RooSan Luis Potos\u00edSinaloaSonoraTabascoTamaulipasTlaxcalaVeracruzYucat\u00e1nZacatecas Ciudad * Guardar<\/p>\n","protected":false},"author":1,"featured_media":0,"parent":0,"menu_order":0,"comment_status":"closed","ping_status":"closed","template":"","meta":{"footnotes":""},"class_list":["post-24","page","type-page","status-publish","hentry"],"_links":{"self":[{"href":"https:\/\/demos.cnsoftware.dev\/index.php?rest_route=\/wp\/v2\/pages\/24","targetHints":{"allow":["GET"]}}],"collection":[{"href":"https:\/\/demos.cnsoftware.dev\/index.php?rest_route=\/wp\/v2\/pages"}],"about":[{"href":"https:\/\/demos.cnsoftware.dev\/index.php?rest_route=\/wp\/v2\/types\/page"}],"author":[{"embeddable":true,"href":"https:\/\/demos.cnsoftware.dev\/index.php?rest_route=\/wp\/v2\/users\/1"}],"replies":[{"embeddable":true,"href":"https:\/\/demos.cnsoftware.dev\/index.php?rest_route=%2Fwp%2Fv2%2Fcomments&post=24"}],"version-history":[{"count":10,"href":"https:\/\/demos.cnsoftware.dev\/index.php?rest_route=\/wp\/v2\/pages\/24\/revisions"}],"predecessor-version":[{"id":37,"href":"https:\/\/demos.cnsoftware.dev\/index.php?rest_route=\/wp\/v2\/pages\/24\/revisions\/37"}],"wp:attachment":[{"href":"https:\/\/demos.cnsoftware.dev\/index.php?rest_route=%2Fwp%2Fv2%2Fmedia&parent=24"}],"curies":[{"name":"wp","href":"https:\/\/api.w.org\/{rel}","templated":true}]}}